{"id":5866,"date":"2020-04-07T08:48:45","date_gmt":"2020-04-07T01:50:38","guid":{"rendered":"http:\/\/vntec.vn\/?post_type=product&#038;p=5866"},"modified":"2020-05-06T11:30:58","modified_gmt":"2020-05-06T04:30:58","slug":"mat-bich-mu-thep-ma-kem","status":"publish","type":"product","link":"https:\/\/vntec.vn\/zh\/products\/mat-bich-mu-thep-ma-kem","title":{"rendered":"M\u1eb7t b\u00edch m\u00f9 th\u00e9p m\u1ea1 k\u1ebdm"},"content":{"rendered":"","protected":false},"excerpt":{"rendered":"<p>Xu\u1ea5t x\u1ee9: Th\u00e1i Lan, Trung Qu\u1ed1c, Vi\u1ec7t Nam&#8230;<\/p>\n","protected":false},"featured_media":5760,"comment_status":"open","ping_status":"closed","template":"","meta":[],"product_cat":[33,188],"product_tag":[],"class_list":["post-5866","product","type-product","status-publish","has-post-thumbnail","hentry","product_cat-tat-ca-san-pham","product_cat-ong-phukien-makem"],"_links":{"self":[{"href":"https:\/\/vntec.vn\/zh\/wp-json\/wp\/v2\/product\/5866","targetHints":{"allow":["GET"]}}],"collection":[{"href":"https:\/\/vntec.vn\/zh\/wp-json\/wp\/v2\/product"}],"about":[{"href":"https:\/\/vntec.vn\/zh\/wp-json\/wp\/v2\/types\/product"}],"replies":[{"embeddable":true,"href":"https:\/\/vntec.vn\/zh\/wp-json\/wp\/v2\/comments?post=5866"}],"wp:featuredmedia":[{"embeddable":true,"href":"https:\/\/vntec.vn\/zh\/wp-json\/wp\/v2\/media\/5760"}],"wp:attachment":[{"href":"https:\/\/vntec.vn\/zh\/wp-json\/wp\/v2\/media?parent=5866"}],"wp:term":[{"taxonomy":"product_cat","embeddable":true,"href":"https:\/\/vntec.vn\/zh\/wp-json\/wp\/v2\/product_cat?post=5866"},{"taxonomy":"product_tag","embeddable":true,"href":"https:\/\/vntec.vn\/zh\/wp-json\/wp\/v2\/product_tag?post=5866"}],"curies":[{"name":"wp","href":"https:\/\/api.w.org\/{rel}","templated":true}]}}