{"id":4539,"date":"2019-12-31T11:38:14","date_gmt":"2019-12-31T04:38:14","guid":{"rendered":"http:\/\/vntec.vn\/?post_type=product&#038;p=4539"},"modified":"2020-06-16T13:51:10","modified_gmt":"2020-06-16T06:51:10","slug":"giam-lech-tam-thep-den","status":"publish","type":"product","link":"https:\/\/vntec.vn\/zh\/products\/giam-lech-tam-thep-den","title":{"rendered":"Gi\u1ea3m l\u1ec7ch t\u00e2m th\u00e9p \u0111en"},"content":{"rendered":"","protected":false},"excerpt":{"rendered":"","protected":false},"featured_media":4379,"comment_status":"open","ping_status":"closed","template":"","meta":[],"product_cat":[33,189],"product_tag":[],"class_list":["post-4539","product","type-product","status-publish","has-post-thumbnail","hentry","product_cat-tat-ca-san-pham","product_cat-ong-phukien-thepden"],"_links":{"self":[{"href":"https:\/\/vntec.vn\/zh\/wp-json\/wp\/v2\/product\/4539","targetHints":{"allow":["GET"]}}],"collection":[{"href":"https:\/\/vntec.vn\/zh\/wp-json\/wp\/v2\/product"}],"about":[{"href":"https:\/\/vntec.vn\/zh\/wp-json\/wp\/v2\/types\/product"}],"replies":[{"embeddable":true,"href":"https:\/\/vntec.vn\/zh\/wp-json\/wp\/v2\/comments?post=4539"}],"wp:featuredmedia":[{"embeddable":true,"href":"https:\/\/vntec.vn\/zh\/wp-json\/wp\/v2\/media\/4379"}],"wp:attachment":[{"href":"https:\/\/vntec.vn\/zh\/wp-json\/wp\/v2\/media?parent=4539"}],"wp:term":[{"taxonomy":"product_cat","embeddable":true,"href":"https:\/\/vntec.vn\/zh\/wp-json\/wp\/v2\/product_cat?post=4539"},{"taxonomy":"product_tag","embeddable":true,"href":"https:\/\/vntec.vn\/zh\/wp-json\/wp\/v2\/product_tag?post=4539"}],"curies":[{"name":"wp","href":"https:\/\/api.w.org\/{rel}","templated":true}]}}