{"id":1603,"date":"2019-12-27T14:46:23","date_gmt":"2019-12-27T07:46:23","guid":{"rendered":"http:\/\/vntec.vn\/?post_type=product&#038;p=1603"},"modified":"2020-06-16T14:07:50","modified_gmt":"2020-06-16T07:07:50","slug":"ss400-te-han-thep-den","status":"publish","type":"product","link":"https:\/\/vntec.vn\/zh\/products\/ss400-te-han-thep-den","title":{"rendered":"SS400 T\u00ea h\u00e0n th\u00e9p \u0111en"},"content":{"rendered":"","protected":false},"excerpt":{"rendered":"<p><span style=\"font-family: 'times new roman', times, serif; font-size: 14pt;\">Xu\u1ea5t x\u1ee9: Trung Qu\u1ed1c, Th\u00e1i Lan, Vi\u1ec7t Nam&#8230;<\/span><\/p>\n<p><span style=\"font-family: 'times new roman', times, serif; font-size: 14pt;\">Ti\u00eau chu\u1ea9n: SGP, ASTM&#8230;<\/span><\/p>\n","protected":false},"featured_media":1400,"comment_status":"open","ping_status":"closed","template":"","meta":[],"product_cat":[33,189],"product_tag":[241,240,242,229],"class_list":["post-1603","product","type-product","status-publish","has-post-thumbnail","hentry","product_cat-tat-ca-san-pham","product_cat-ong-phukien-thepden","product_tag-te","product_tag-tehanthepden","product_tag-tesat","product_tag-thepden"],"_links":{"self":[{"href":"https:\/\/vntec.vn\/zh\/wp-json\/wp\/v2\/product\/1603","targetHints":{"allow":["GET"]}}],"collection":[{"href":"https:\/\/vntec.vn\/zh\/wp-json\/wp\/v2\/product"}],"about":[{"href":"https:\/\/vntec.vn\/zh\/wp-json\/wp\/v2\/types\/product"}],"replies":[{"embeddable":true,"href":"https:\/\/vntec.vn\/zh\/wp-json\/wp\/v2\/comments?post=1603"}],"wp:featuredmedia":[{"embeddable":true,"href":"https:\/\/vntec.vn\/zh\/wp-json\/wp\/v2\/media\/1400"}],"wp:attachment":[{"href":"https:\/\/vntec.vn\/zh\/wp-json\/wp\/v2\/media?parent=1603"}],"wp:term":[{"taxonomy":"product_cat","embeddable":true,"href":"https:\/\/vntec.vn\/zh\/wp-json\/wp\/v2\/product_cat?post=1603"},{"taxonomy":"product_tag","embeddable":true,"href":"https:\/\/vntec.vn\/zh\/wp-json\/wp\/v2\/product_tag?post=1603"}],"curies":[{"name":"wp","href":"https:\/\/api.w.org\/{rel}","templated":true}]}}