{"id":1195,"date":"2019-12-27T14:02:09","date_gmt":"2019-12-27T07:02:09","guid":{"rendered":"http:\/\/vntec.vn\/?post_type=product&#038;p=1195"},"modified":"2020-06-16T14:11:34","modified_gmt":"2020-06-16T07:11:34","slug":"sus316-cum-treo-ong","status":"publish","type":"product","link":"https:\/\/vntec.vn\/zh\/products\/sus316-cum-treo-ong","title":{"rendered":"SUS316 C\u00f9m treo \u1ed1ng"},"content":{"rendered":"<p><img loading=\"lazy\" decoding=\"async\" class=\"alignnone size-full wp-image-1196\" src=\"http:\/\/vntec.vn\/wp-content\/uploads\/2019\/12\/Pipe-hanger.jpg\" alt=\"\" width=\"446\" height=\"161\" \/><\/p>\n","protected":false},"excerpt":{"rendered":"<p><span style=\"font-family: 'times new roman', times, serif; font-size: 14pt;\">Ti\u00eau chu\u1ea9n: JIS, ISO, ASTM<\/span><\/p>\n<p><span style=\"font-family: 'times new roman', times, serif; font-size: 14pt;\">Xu\u1ea5t x\u1ee9: Nh\u1eadt B\u1ea3n, H\u00e0n Qu\u1ed1c, \u0110\u00e0i Loan, Th\u00e1i Lan, Trung Qu\u1ed1c<\/span><\/p>\n<p><span style=\"font-family: 'times new roman', times, serif; font-size: 14pt;\">Chi ti\u1ebft: EP v\u00e0 #400<\/span><\/p>\n","protected":false},"featured_media":1199,"comment_status":"open","ping_status":"closed","template":"","meta":[],"product_cat":[33,37],"product_tag":[226,225,220,196,224,203],"class_list":["post-1195","product","type-product","status-publish","has-post-thumbnail","hentry","product_cat-tat-ca-san-pham","product_cat-sanitary-pipe-fitting","product_tag-cumtreoong","product_tag-fittingvisinh","product_tag-phukieninox","product_tag-phukienvisinh","product_tag-pipehanger","product_tag-sus316"],"_links":{"self":[{"href":"https:\/\/vntec.vn\/zh\/wp-json\/wp\/v2\/product\/1195","targetHints":{"allow":["GET"]}}],"collection":[{"href":"https:\/\/vntec.vn\/zh\/wp-json\/wp\/v2\/product"}],"about":[{"href":"https:\/\/vntec.vn\/zh\/wp-json\/wp\/v2\/types\/product"}],"replies":[{"embeddable":true,"href":"https:\/\/vntec.vn\/zh\/wp-json\/wp\/v2\/comments?post=1195"}],"wp:featuredmedia":[{"embeddable":true,"href":"https:\/\/vntec.vn\/zh\/wp-json\/wp\/v2\/media\/1199"}],"wp:attachment":[{"href":"https:\/\/vntec.vn\/zh\/wp-json\/wp\/v2\/media?parent=1195"}],"wp:term":[{"taxonomy":"product_cat","embeddable":true,"href":"https:\/\/vntec.vn\/zh\/wp-json\/wp\/v2\/product_cat?post=1195"},{"taxonomy":"product_tag","embeddable":true,"href":"https:\/\/vntec.vn\/zh\/wp-json\/wp\/v2\/product_tag?post=1195"}],"curies":[{"name":"wp","href":"https:\/\/api.w.org\/{rel}","templated":true}]}}