{"id":1186,"date":"2019-12-27T13:54:01","date_gmt":"2019-12-27T06:55:12","guid":{"rendered":"http:\/\/vntec.vn\/?post_type=product&#038;p=1186"},"modified":"2021-08-20T13:45:41","modified_gmt":"2021-08-20T06:45:41","slug":"sus304-cum-ong-3k-2","status":"publish","type":"product","link":"https:\/\/vntec.vn\/zh\/products\/sus304-cum-ong-3k-2","title":{"rendered":"SUS304 C\u00f9m \u1ed1ng 3K"},"content":{"rendered":"<p><img loading=\"lazy\" decoding=\"async\" class=\"alignnone size-full wp-image-1173\" src=\"http:\/\/vntec.vn\/wp-content\/uploads\/2019\/12\/clamp-3K.jpg\" alt=\"\" width=\"446\" height=\"158\" \/><\/p>\n","protected":false},"excerpt":{"rendered":"<p><span style=\"font-family: 'times new roman', times, serif; font-size: 14pt;\">Ti\u00eau chu\u1ea9n: JIS, ISO, ASTM <\/span><\/p>\n<p><span style=\"font-family: 'times new roman', times, serif; font-size: 14pt;\">Xu\u1ea5t x\u1ee9: Nh\u1eadt B\u1ea3n, H\u00e0n Qu\u1ed1c, \u0110\u00e0i Loan, Th\u00e1i Lan, Trung Qu\u1ed1c <\/span><\/p>\n<p><span style=\"font-family: 'times new roman', times, serif; font-size: 14pt;\">Chi ti\u1ebft: EP v\u00e0 #400<\/span><\/p>\n","protected":false},"featured_media":9362,"comment_status":"open","ping_status":"closed","template":"","meta":[],"product_cat":[99,37],"product_tag":[775,777,655,651,776],"class_list":["post-1186","product","type-product","status-publish","has-post-thumbnail","hentry","product_cat-ong-va-phu-kien-sus304","product_cat-sanitary-pipe-fitting","product_tag-clamp-3k","product_tag-cum-ong","product_tag-phu-kien-sus304","product_tag-phu-kien-vi-sinh","product_tag-tri-clamp-3k"],"_links":{"self":[{"href":"https:\/\/vntec.vn\/zh\/wp-json\/wp\/v2\/product\/1186","targetHints":{"allow":["GET"]}}],"collection":[{"href":"https:\/\/vntec.vn\/zh\/wp-json\/wp\/v2\/product"}],"about":[{"href":"https:\/\/vntec.vn\/zh\/wp-json\/wp\/v2\/types\/product"}],"replies":[{"embeddable":true,"href":"https:\/\/vntec.vn\/zh\/wp-json\/wp\/v2\/comments?post=1186"}],"wp:featuredmedia":[{"embeddable":true,"href":"https:\/\/vntec.vn\/zh\/wp-json\/wp\/v2\/media\/9362"}],"wp:attachment":[{"href":"https:\/\/vntec.vn\/zh\/wp-json\/wp\/v2\/media?parent=1186"}],"wp:term":[{"taxonomy":"product_cat","embeddable":true,"href":"https:\/\/vntec.vn\/zh\/wp-json\/wp\/v2\/product_cat?post=1186"},{"taxonomy":"product_tag","embeddable":true,"href":"https:\/\/vntec.vn\/zh\/wp-json\/wp\/v2\/product_tag?post=1186"}],"curies":[{"name":"wp","href":"https:\/\/api.w.org\/{rel}","templated":true}]}}