{"id":983,"date":"2019-12-27T11:15:14","date_gmt":"2019-12-27T04:15:14","guid":{"rendered":"http:\/\/vntec.vn\/?post_type=product&#038;p=983"},"modified":"2021-09-18T10:22:59","modified_gmt":"2021-09-18T03:22:59","slug":"sus316l-giam-dong-tam-vi-sinh","status":"publish","type":"product","link":"https:\/\/vntec.vn\/ja\/products\/sus316l-giam-dong-tam-vi-sinh","title":{"rendered":"SUS316L Gi\u1ea3m \u0111\u1ed3ng t\u00e2m vi sinh"},"content":{"rendered":"<p><img loading=\"lazy\" decoding=\"async\" class=\"alignnone size-full wp-image-1019\" src=\"http:\/\/vntec.vn\/wp-content\/uploads\/2019\/12\/gi\u1ea3m-\u0111\u1ed3ng-t\u00e2m.jpg\" alt=\"\" width=\"486\" height=\"347\" \/><\/p>","protected":false},"excerpt":{"rendered":"<p><span style=\"font-family: 'times new roman', times, serif; font-size: 14pt;\">Ti\u00eau chu\u1ea9n: JIS, ISO, ASTM<\/span><\/p>\n<p><span style=\"font-family: 'times new roman', times, serif; font-size: 14pt;\">Xu\u1ea5t x\u1ee9: Nh\u1eadt B\u1ea3n, H\u00e0n Qu\u1ed1c, \u0110\u00e0i Loan, Th\u00e1i Lan, Trung Qu\u1ed1c<\/span><\/p>\n<p><span style=\"font-family: 'times new roman', times, serif; font-size: 14pt;\">Chi ti\u1ebft: EP v\u00e0 #400<\/span><\/p>\n","protected":false},"featured_media":9384,"comment_status":"open","ping_status":"closed","template":"","meta":[],"product_cat":[33,37],"product_tag":[887,873,894,884,965,849,907,903,905,904,888,964,963,192,194,839,838,841,840,837,892,836,901,902,870,900,899,886,885,856,874,911,829,830,833,831,832,828,835,834,851,850,883,882,896,866,890,877,875,878,876,859,860,852,853,854,842,844,846,845,843,847,857,196,967,906,891,968,858,910,908,966,855,897,871,861,872,867,868,195,869,879,895,848,889,863,864,862,865,893,909,193,898,880,881],"class_list":["post-983","product","type-product","status-publish","has-post-thumbnail","hentry","product_cat-tat-ca-san-pham","product_cat-sanitary-pipe-fitting","product_tag-astm-ansi-jis-tieu-chuan","product_tag-chuan-jis-astm-ansi","product_tag-co-cq-giay-to-chung-tu-day-du","product_tag-co-te-giam-inox","product_tag-concentric-reducer-sanitary","product_tag-du-an-co-dien-tp-hcm","product_tag-du-an-cong-nghiep","product_tag-ejector-gia-cong-theo-yeu-cau","product_tag-ejector-nhua-pvc-teflon","product_tag-gia-cong-ejector","product_tag-gia-cong-han-cat-rua-ong","product_tag-giam-dong-tam-inox","product_tag-giam-dong-tam-vi-sinh","product_tag-giamdongtam","product_tag-giamvisinh","product_tag-he-thong-loc-nuoc-nhiem-man","product_tag-he-thong-loc-nuoc-nhiem-phen","product_tag-he-thong-ong-inox-vi-sinh","product_tag-he-thong-ong-khi-gas","product_tag-he-thong-ro-xu-ly-nuoc","product_tag-he-thong-tu-lien-xu-ly-nuoc","product_tag-he-thong-xu-ly-nuoc-ro","product_tag-loi-loc-he-thong-xu-ly-nuoc","product_tag-loi-loc-soi","product_tag-ma-kem-van-ong-phu-kien","product_tag-mang-ro-thiet-bi","product_tag-mang-ro-xu-ly-nuoc","product_tag-mat-bich-chuan-ansi","product_tag-mat-bich-chuan-jis","product_tag-nha-cung-cap-sanitary-o-viet-nam","product_tag-nha-cung-cap-toan-quoc","product_tag-nha-may-duoc-pham-sanitary","product_tag-nha-thau-co-dien-binh-duong","product_tag-nha-thau-co-dien-dong-nai","product_tag-nha-thau-co-dien-mien-bac","product_tag-nha-thau-co-dien-mien-nam","product_tag-nha-thau-co-dien-mien-trung","product_tag-nha-thau-co-dien-tp-hcm","product_tag-nha-thau-co-dien-uy-tin","product_tag-nha-thau-co-dien-vung-tau","product_tag-nha-thau-phu-chat-luong","product_tag-nha-thau-phu-uy-tin","product_tag-nhua-clean-pvc-chat-luong","product_tag-nhua-pvc-dai-loan-tai-viet-nam","product_tag-ong-inox-ong-duc","product_tag-ong-thep-toan-quoc-chat-luong","product_tag-passivation","product_tag-phu-kien-ap-luc-binh-duong","product_tag-phu-kien-ap-luc-cao-tot","product_tag-phu-kien-ap-luc-dong-nai","product_tag-phu-kien-ap-luc-tp-hcm","product_tag-phu-kien-duong-ong-inox-mien-nam","product_tag-phu-kien-duong-ong-mien-trung","product_tag-phu-kien-duong-ong-sanitary-dai-loan","product_tag-phu-kien-duong-ong-sanitary-han-quoc","product_tag-phu-kien-duong-ong-sanitary-thai-lan","product_tag-phu-kien-duong-ong-vi-sinh","product_tag-phu-kien-duong-ong-vi-sinh-dai-loan","product_tag-phu-kien-duong-ong-vi-sinh-nhat","product_tag-phu-kien-duong-ong-vi-sinh-thai-lan","product_tag-phu-kien-duong-ong-vi-sinh-tp-hcm","product_tag-phu-kien-duong-ong-vi-sinh-trung-quoc","product_tag-phu-kien-sanitary-gia-re-chat-luong-tot","product_tag-phukienvisinh","product_tag-reducer-sanitary","product_tag-ro-slide-port","product_tag-rua-hoa-chat-ong-van","product_tag-sanitary-316l","product_tag-sanitary-chuan-astm-bpe","product_tag-sanitary-duoc-pham-nha-may","product_tag-sanitary-duoc-pham-nuoc-giai-khat","product_tag-sanitary-fitting-reducer","product_tag-sanitary-fitting-viet-nam","product_tag-stainless-steel-ong-va-phu-kien-van","product_tag-sus304-han-quoc-thai-lan","product_tag-sus304-ong-va-phu-kien-tot","product_tag-sus304-trung-quoc-tot","product_tag-sus304-van-ong-phu-kien","product_tag-sus316-van-ong-phu-kien","product_tag-sus316l","product_tag-thep-den-van-ong-phu-kien","product_tag-thiet-bi-nganh-nuoc-tp-hcm","product_tag-thiet-ke-gia-cong-theo-yeu-cau-khach-hang","product_tag-thiet-ke-lap-dat-van-hanh-du-an","product_tag-thu-dong-hoa-ve-mat-kim-loai","product_tag-van-cong-nghiep-binh-duong","product_tag-van-cong-nghiep-dong-nai","product_tag-van-cong-nghiep-tp-hcm","product_tag-van-cong-nghiep-vung-tau","product_tag-vat-tu-phu-chat-luong","product_tag-vi-sinh-duoc-pham-astm-bpe","product_tag-visinh","product_tag-vo-ro-lg-nitto-down-usa","product_tag-vo-ro-xu-ly-nuoc-first-line","product_tag-vo-ro-xu-ly-nuoc-gia-tot"],"_links":{"self":[{"href":"https:\/\/vntec.vn\/ja\/wp-json\/wp\/v2\/product\/983","targetHints":{"allow":["GET"]}}],"collection":[{"href":"https:\/\/vntec.vn\/ja\/wp-json\/wp\/v2\/product"}],"about":[{"href":"https:\/\/vntec.vn\/ja\/wp-json\/wp\/v2\/types\/product"}],"replies":[{"embeddable":true,"href":"https:\/\/vntec.vn\/ja\/wp-json\/wp\/v2\/comments?post=983"}],"wp:featuredmedia":[{"embeddable":true,"href":"https:\/\/vntec.vn\/ja\/wp-json\/wp\/v2\/media\/9384"}],"wp:attachment":[{"href":"https:\/\/vntec.vn\/ja\/wp-json\/wp\/v2\/media?parent=983"}],"wp:term":[{"taxonomy":"product_cat","embeddable":true,"href":"https:\/\/vntec.vn\/ja\/wp-json\/wp\/v2\/product_cat?post=983"},{"taxonomy":"product_tag","embeddable":true,"href":"https:\/\/vntec.vn\/ja\/wp-json\/wp\/v2\/product_tag?post=983"}],"curies":[{"name":"wp","href":"https:\/\/api.w.org\/{rel}","templated":true}]}}