{"id":1233,"date":"2019-12-27T14:18:17","date_gmt":"2019-12-27T07:18:17","guid":{"rendered":"http:\/\/vntec.vn\/?post_type=product&#038;p=1233"},"modified":"2024-03-23T03:05:23","modified_gmt":"2024-03-22T20:05:23","slug":"ss400-ong-thep-den","status":"publish","type":"product","link":"https:\/\/vntec.vn\/ja\/products\/ss400-ong-thep-den","title":{"rendered":"SS400 \u1ed0ng th\u00e9p \u0111en"},"content":{"rendered":"","protected":false},"excerpt":{"rendered":"<p><span style=\"font-family: 'times new roman', times, serif; font-size: 14pt;\">Ti\u00eau chu\u1ea9n: JIS, ISO, ASTM<\/span><\/p>\n<p><span style=\"font-family: 'times new roman', times, serif; font-size: 14pt;\">Xu\u1ea5t x\u1ee9: Nh\u1eadt B\u1ea3n, H\u00e0n Qu\u1ed1c, \u0110\u00e0i Loan, Th\u00e1i Lan, Trung Qu\u1ed1c<\/span><\/p>\n<p><span style=\"font-family: 'times new roman', times, serif; font-size: 14pt;\">\u0110\u1ed9 d\u00e0y: SCH10, SCH20, SCh40&#8230;<\/span><\/p>\n","protected":false},"featured_media":1234,"comment_status":"open","ping_status":"closed","template":"","meta":[],"product_cat":[33,189],"product_tag":[231,230,229],"class_list":["post-1233","product","type-product","status-publish","has-post-thumbnail","hentry","product_cat-tat-ca-san-pham","product_cat-ong-phukien-thepden","product_tag-ongthep","product_tag-ss400","product_tag-thepden"],"_links":{"self":[{"href":"https:\/\/vntec.vn\/ja\/wp-json\/wp\/v2\/product\/1233","targetHints":{"allow":["GET"]}}],"collection":[{"href":"https:\/\/vntec.vn\/ja\/wp-json\/wp\/v2\/product"}],"about":[{"href":"https:\/\/vntec.vn\/ja\/wp-json\/wp\/v2\/types\/product"}],"replies":[{"embeddable":true,"href":"https:\/\/vntec.vn\/ja\/wp-json\/wp\/v2\/comments?post=1233"}],"wp:featuredmedia":[{"embeddable":true,"href":"https:\/\/vntec.vn\/ja\/wp-json\/wp\/v2\/media\/1234"}],"wp:attachment":[{"href":"https:\/\/vntec.vn\/ja\/wp-json\/wp\/v2\/media?parent=1233"}],"wp:term":[{"taxonomy":"product_cat","embeddable":true,"href":"https:\/\/vntec.vn\/ja\/wp-json\/wp\/v2\/product_cat?post=1233"},{"taxonomy":"product_tag","embeddable":true,"href":"https:\/\/vntec.vn\/ja\/wp-json\/wp\/v2\/product_tag?post=1233"}],"curies":[{"name":"wp","href":"https:\/\/api.w.org\/{rel}","templated":true}]}}