{"id":6552,"date":"2020-06-24T13:29:08","date_gmt":"2020-06-24T06:29:08","guid":{"rendered":"http:\/\/vntec.vn\/?post_type=product&#038;p=6552"},"modified":"2024-03-19T05:48:52","modified_gmt":"2024-03-18T22:48:52","slug":"van-vi-sinh-khi-nen-day-be","status":"publish","type":"product","link":"https:\/\/vntec.vn\/en\/products\/van-vi-sinh-khi-nen-day-be","title":{"rendered":"Van vi sinh kh\u00ed n\u00e9n \u0111\u00e1y b\u1ec3"},"content":{"rendered":"<div class=\"sliderTable mt10 mb10 sliderTable-index0\">\n<div class=\"inner\">\n<table>\n<tbody>\n<tr class=\"firstRow\">\n<td style=\"text-align: justify;\" valign=\"top\" width=\"436\"><strong><span style=\"font-family: 'times new roman', times, serif; font-size: 14pt;\">Valve body<\/span><\/strong><\/td>\n<td style=\"text-align: justify;\" valign=\"top\" width=\"436\"><span style=\"font-family: 'times new roman', times, serif; font-size: 14pt;\">CF8M\u00a0investment casting ASTM 351<\/span><\/td>\n<\/tr>\n<tr style=\"text-align: justify;\">\n<td valign=\"top\" width=\"436\"><strong><span style=\"font-family: 'times new roman', times, serif; font-size: 14pt;\">Size :<\/span><\/strong><\/td>\n<td valign=\"top\" width=\"436\"><span style=\"font-family: 'times new roman', times, serif; font-size: 14pt;\">3\/4\u2033 to 4\u2033 DN15-DN100<\/span><\/td>\n<\/tr>\n<tr style=\"text-align: justify;\">\n<td valign=\"top\" width=\"436\"><strong><span style=\"font-family: 'times new roman', times, serif; font-size: 14pt;\">Membrane:<\/span><\/strong><\/td>\n<td valign=\"top\" width=\"436\"><span style=\"font-family: 'times new roman', times, serif; font-size: 14pt;\">PTFE+EPDM,SILICONE,EPDM.FDA certificated<\/span><\/td>\n<\/tr>\n<tr style=\"text-align: justify;\">\n<td valign=\"top\" width=\"436\"><strong><span style=\"font-family: 'times new roman', times, serif; font-size: 14pt;\">Operations:\u00a0<\/span><\/strong><\/td>\n<td valign=\"top\" width=\"436\"><span style=\"font-family: 'times new roman', times, serif; font-size: 14pt;\">Manual Type,Pneumatic actuated<\/span><\/td>\n<\/tr>\n<tr style=\"text-align: justify;\">\n<td colspan=\"1\" rowspan=\"1\" valign=\"top\"><strong><span style=\"font-family: 'times new roman', times, serif; font-size: 14pt;\">Connections:\u00a0<\/span><\/strong><\/td>\n<td colspan=\"1\" rowspan=\"1\" valign=\"top\"><span style=\"font-family: 'times new roman', times, serif; font-size: 14pt;\">Clamped,Butt-weld,female,male<\/span><\/td>\n<\/tr>\n<\/tbody>\n<\/table>\n<\/div>\n<\/div>\n<p style=\"text-align: justify;\"><span style=\"font-family: 'times new roman', times, serif; font-size: 14pt;\">Working temp: EPDM(-40 \u2103 ~120 \u2103) PTFE(-25 \u2103~180\u2103)<\/span><br \/>\n<span style=\"font-family: 'times new roman', times, serif; font-size: 14pt;\">Working pressure: Max 10 Bar<\/span><br \/>\n<span style=\"font-family: 'times new roman', times, serif; font-size: 14pt;\">Surface: internal mirror polished Ra&lt;0.4\u03bcm External-Sand Blasted<\/span><br \/>\n<span style=\"font-family: 'times new roman', times, serif; font-size: 14pt;\">Self-draining Angle:<\/span><br \/>\n<span style=\"font-family: 'times new roman', times, serif; font-size: 14pt;\">When installing diaphragm valve in the horizontal pipeline, the valve should be installed at 15-30 degrees with horizontal plane, to make fluid turbulent, in order to completely evacuate the medium and to prevent dead legs.<\/span><\/p>\n<div class=\"wp-caption alignnone\">\n<p><span style=\"font-family: 'times new roman', times, serif; font-size: 14pt;\"><img loading=\"lazy\" decoding=\"async\" class=\"size-medium wp-image-1252 lazyloaded\" src=\"https:\/\/inrorwxhliinlk5q.ldycdn.com\/cloud\/miBqnKjlRlpSkpqrppom\/tank-bottom-diaphragm-valve-installation-300x212.jpg\" alt=\"tank bottom diaphragm valve installation\" width=\"300\" height=\"212\" data-original=\"\/\/inrorwxhliinlk5q.ldycdn.com\/cloud\/miBqnKjlRlpSkpqrppom\/tank-bottom-diaphragm-valve-installation-300x212.jpg\" \/><\/span><\/p>\n<p class=\"wp-caption-text\" style=\"text-align: justify;\"><span style=\"font-family: 'times new roman', times, serif; font-size: 14pt;\">tank bottom diaphragm valve installation<\/span><\/p>\n<\/div>\n","protected":false},"excerpt":{"rendered":"<p>Valve body CF8M\u00a0investment casting ASTM 351 Size : 3\/4\u2033 to 4\u2033 DN15-DN100 Membrane: PTFE+EPDM,SILICONE,EPDM.FDA certificated Operations:\u00a0 Manual Type,Pneumatic actuated Connections:\u00a0 Clamped,Butt-weld,female,male Working temp: EPDM(-40 \u2103 ~120 \u2103) PTFE(-25 \u2103~180\u2103) Working pressure: Max 10 Bar Surface: internal mirror polished Ra&lt;0.4\u03bcm External-Sand Blasted Self-draining Angle: When installing diaphragm valve in the horizontal pipeline, the valve should be [&hellip;]<\/p>\n","protected":false},"featured_media":6564,"comment_status":"open","ping_status":"closed","template":"","meta":[],"product_cat":[639,287],"product_tag":[],"class_list":["post-6552","product","type-product","status-publish","has-post-thumbnail","hentry","product_cat-diaphragm-valve","product_cat-van-vi-sinh"],"_links":{"self":[{"href":"https:\/\/vntec.vn\/en\/wp-json\/wp\/v2\/product\/6552","targetHints":{"allow":["GET"]}}],"collection":[{"href":"https:\/\/vntec.vn\/en\/wp-json\/wp\/v2\/product"}],"about":[{"href":"https:\/\/vntec.vn\/en\/wp-json\/wp\/v2\/types\/product"}],"replies":[{"embeddable":true,"href":"https:\/\/vntec.vn\/en\/wp-json\/wp\/v2\/comments?post=6552"}],"wp:featuredmedia":[{"embeddable":true,"href":"https:\/\/vntec.vn\/en\/wp-json\/wp\/v2\/media\/6564"}],"wp:attachment":[{"href":"https:\/\/vntec.vn\/en\/wp-json\/wp\/v2\/media?parent=6552"}],"wp:term":[{"taxonomy":"product_cat","embeddable":true,"href":"https:\/\/vntec.vn\/en\/wp-json\/wp\/v2\/product_cat?post=6552"},{"taxonomy":"product_tag","embeddable":true,"href":"https:\/\/vntec.vn\/en\/wp-json\/wp\/v2\/product_tag?post=6552"}],"curies":[{"name":"wp","href":"https:\/\/api.w.org\/{rel}","templated":true}]}}