{"id":6438,"date":"2020-06-24T10:01:19","date_gmt":"2020-06-24T03:01:19","guid":{"rendered":"http:\/\/vntec.vn\/?post_type=product&#038;p=6438"},"modified":"2024-06-30T19:15:53","modified_gmt":"2024-06-30T12:15:53","slug":"van-mang-vi-sinh-3-nga","status":"publish","type":"product","link":"https:\/\/vntec.vn\/en\/products\/van-mang-vi-sinh-3-nga","title":{"rendered":"Van m\u00e0ng vi sinh 3 ng\u00e3"},"content":{"rendered":"<table style=\"text-align: justify; width: 95.8034%; height: 319px;\" width=\"1170\">\n<tbody>\n<tr class=\"firstRow\">\n<td colspan=\"4\"><span style=\"font-family: 'times new roman', times, serif; font-size: 14pt;\">Technical Parameters<\/span><\/td>\n<\/tr>\n<tr>\n<td rowspan=\"2\"><span style=\"font-family: 'times new roman', times, serif; font-size: 14pt;\">Steel material<\/span><\/td>\n<td><span style=\"font-family: 'times new roman', times, serif; font-size: 14pt;\">Product wetted steel parts<\/span><\/td>\n<td><span style=\"font-family: 'times new roman', times, serif; font-size: 14pt;\">AISI 316L(1.4404)<\/span><\/td>\n<td rowspan=\"2\"><span style=\"font-family: 'times new roman', times, serif; font-size: 14pt;\">Provided with material inspection report<\/span><\/td>\n<\/tr>\n<tr>\n<td><span style=\"font-family: 'times new roman', times, serif; font-size: 14pt;\">Other steel parts<\/span><\/td>\n<td><span style=\"font-family: 'times new roman', times, serif; font-size: 14pt;\">AISI 304<\/span><\/td>\n<\/tr>\n<tr>\n<td rowspan=\"2\"><span style=\"font-family: 'times new roman', times, serif; font-size: 14pt;\">Seal material<\/span><\/td>\n<td><span style=\"font-family: 'times new roman', times, serif; font-size: 14pt;\">Standard<\/span><\/td>\n<td><span style=\"font-family: 'times new roman', times, serif; font-size: 14pt;\">EPDM+PTFE<\/span><\/td>\n<td rowspan=\"2\"><span style=\"font-family: 'times new roman', times, serif; font-size: 14pt;\">All seal materials comply with FDA 21CFR117.2600<\/span><\/td>\n<\/tr>\n<tr>\n<td><span style=\"font-family: 'times new roman', times, serif; font-size: 14pt;\">Options<\/span><\/td>\n<td><span style=\"font-family: 'times new roman', times, serif; font-size: 14pt;\">\u00a0EPDM\/Silionce<\/span><\/td>\n<\/tr>\n<tr>\n<td><span style=\"font-family: 'times new roman', times, serif; font-size: 14pt;\">Pressure<\/span><\/td>\n<td><span style=\"font-family: 'times new roman', times, serif; font-size: 14pt;\">Working pressure<\/span><\/td>\n<td colspan=\"2\"><span style=\"font-family: 'times new roman', times, serif; font-size: 14pt;\">\u2264145psi (10bar)<\/span><\/td>\n<\/tr>\n<tr>\n<td><span style=\"font-family: 'times new roman', times, serif; font-size: 14pt;\">Temperature<\/span><\/td>\n<td><span style=\"font-family: 'times new roman', times, serif; font-size: 14pt;\">Working temperature<\/span><\/td>\n<td colspan=\"2\"><span style=\"font-family: 'times new roman', times, serif; font-size: 14pt;\">-22 ~ 302\u00b0F (-30 ~ 150\u00b0C)<\/span><\/td>\n<\/tr>\n<tr>\n<td rowspan=\"2\"><span style=\"font-family: 'times new roman', times, serif; font-size: 14pt;\">Surface treatment<\/span><\/td>\n<td><span style=\"font-family: 'times new roman', times, serif; font-size: 14pt;\">Inside<\/span><\/td>\n<td colspan=\"2\"><span style=\"font-family: 'times new roman', times, serif; font-size: 14pt;\">Ra 16-32\u03bcin (0.4-0.8\u03bcm), Ra 25 (0.5\u03bcm) is the default.<\/span><\/td>\n<\/tr>\n<tr>\n<td><span style=\"font-family: 'times new roman', times, serif; font-size: 14pt;\">Outside<\/span><\/td>\n<td colspan=\"2\"><span style=\"font-family: 'times new roman', times, serif; font-size: 14pt;\">Ra 32\u03bcin (0.8\u03bcm), Sand Blast or other upon request.<\/span><\/td>\n<\/tr>\n<tr>\n<td><span style=\"font-family: 'times new roman', times, serif; font-size: 14pt;\">Connection<\/span><\/td>\n<td colspan=\"3\"><span style=\"font-family: 'times new roman', times, serif; font-size: 14pt;\">tri-clamp(standard),also can be butt weld,female,male,flanged<\/span><\/td>\n<\/tr>\n<tr>\n<td colspan=\"1\" rowspan=\"1\"><span style=\"font-family: 'times new roman', times, serif; font-size: 14pt;\">Branch type<\/span><\/td>\n<td colspan=\"1\" rowspan=\"1\"><span style=\"font-family: 'times new roman', times, serif; font-size: 14pt;\">T type,U type<\/span><\/td>\n<td colspan=\"1\" rowspan=\"1\"><span style=\"font-family: 'times new roman', times, serif; font-size: 14pt;\">Outlet&amp;inlet<\/span><\/td>\n<td colspan=\"1\" rowspan=\"1\"><span style=\"font-family: 'times new roman', times, serif; font-size: 14pt;\">Equal or reducing<\/span><\/td>\n<\/tr>\n<\/tbody>\n<\/table>\n<p style=\"text-align: justify;\"><strong><span style=\"font-family: 'times new roman', times, serif; font-size: 14pt;\">INSTALLATION NOTICE:<\/span><\/strong><\/p>\n<p style=\"text-align: justify;\"><span style=\"font-family: 'times new roman', times, serif; font-size: 14pt;\">In a hygienic clean piping system, diaphragm valves should meet the following standard installation angle for no residue. When installing the valve on long pipeline, we suggest declining the valve by 2% so as to ensure the completely self-emptying in the system.<\/span><\/p>\n<p><img loading=\"lazy\" decoding=\"async\" class=\" lazyloaded\" src=\"https:\/\/rlrorwxhliinlk5q.ldycdn.com\/cloud\/mlBqnKjlRlpSqmqnqjom\/diaphragm-valve-installation.jpg\" alt=\"diaphragm valve installation\" width=\"836\" height=\"296\" data-original=\"\/\/rlrorwxhliinlk5q.ldycdn.com\/cloud\/mlBqnKjlRlpSqmqnqjom\/diaphragm-valve-installation.jpg\" \/><\/p>\n<p><img loading=\"lazy\" decoding=\"async\" class=\" lazyloaded\" src=\"https:\/\/rlrorwxhliinlk5q.ldycdn.com\/cloud\/mqBqnKjlRlpSqmroqiop\/3-way-diaphragm-valve-drawing.jpg\" alt=\"3 way diaphragm valve drawing\" width=\"1122\" height=\"777\" data-original=\"\/\/rlrorwxhliinlk5q.ldycdn.com\/cloud\/mqBqnKjlRlpSqmroqiop\/3-way-diaphragm-valve-drawing.jpg\" \/><\/p>\n","protected":false},"excerpt":{"rendered":"<p style=\"text-align: justify;\"><span style=\"font-family: 'times new roman', times, serif; font-size: 14pt;\">Van m\u00e0ng vi sinh 3 ng\u00e3 Van \u0111\u01b0\u1ee3c s\u1eed d\u1ee5ng r\u1ed9ng r\u00e3i trong l\u0129nh v\u1ef1c D\u01b0\u1ee3c ph\u1ea9m, Th\u1ef1c ph\u1ea9m, C\u00f4ng ngh\u1ec7 sinh h\u1ecdc v\u00e0 m\u1ed9t s\u1ed1 l\u0129nh v\u1ef1c \u0111\u00f2i h\u1ecfi \u0111\u1ed9 tinh khi\u1ebft cao. \u0110\u00e2y lo\u1ea1i van d\u00f9ng \u0111\u1ec3 \u0111\u00f3ng\/ m\u1edf v\u00e0 c\u00f3 kh\u1ea3 n\u0103ng ki\u1ec3m so\u00e1t d\u00f2ng ch\u1ea3y t\u1ed1t.<\/span><\/p>\n","protected":false},"featured_media":6439,"comment_status":"open","ping_status":"closed","template":"","meta":[],"product_cat":[639,287],"product_tag":[318],"class_list":["post-6438","product","type-product","status-publish","has-post-thumbnail","hentry","product_cat-diaphragm-valve","product_cat-van-vi-sinh","product_tag-van-mang-vi-sinh"],"_links":{"self":[{"href":"https:\/\/vntec.vn\/en\/wp-json\/wp\/v2\/product\/6438","targetHints":{"allow":["GET"]}}],"collection":[{"href":"https:\/\/vntec.vn\/en\/wp-json\/wp\/v2\/product"}],"about":[{"href":"https:\/\/vntec.vn\/en\/wp-json\/wp\/v2\/types\/product"}],"replies":[{"embeddable":true,"href":"https:\/\/vntec.vn\/en\/wp-json\/wp\/v2\/comments?post=6438"}],"wp:featuredmedia":[{"embeddable":true,"href":"https:\/\/vntec.vn\/en\/wp-json\/wp\/v2\/media\/6439"}],"wp:attachment":[{"href":"https:\/\/vntec.vn\/en\/wp-json\/wp\/v2\/media?parent=6438"}],"wp:term":[{"taxonomy":"product_cat","embeddable":true,"href":"https:\/\/vntec.vn\/en\/wp-json\/wp\/v2\/product_cat?post=6438"},{"taxonomy":"product_tag","embeddable":true,"href":"https:\/\/vntec.vn\/en\/wp-json\/wp\/v2\/product_tag?post=6438"}],"curies":[{"name":"wp","href":"https:\/\/api.w.org\/{rel}","templated":true}]}}