{"id":7646,"date":"2020-06-30T16:20:12","date_gmt":"2020-06-30T09:20:12","guid":{"rendered":"http:\/\/vntec.vn\/?post_type=product&#038;p=7646"},"modified":"2020-07-21T10:45:15","modified_gmt":"2020-07-21T03:45:15","slug":"van-khi-nen-day-bon-khi-nen","status":"publish","type":"product","link":"http:\/\/vntec.vn\/zh\/products\/van-khi-nen-day-bon-khi-nen","title":{"rendered":"Van kh\u00ed n\u00e9n \u0111\u00e1y b\u1ed3n kh\u00ed n\u00e9n"},"content":{"rendered":"<p class=\"qtranxs-available-languages-message qtranxs-available-languages-message-zh\">\u5bf9\u4e0d\u8d77\uff0c\u6b64\u5185\u5bb9\u53ea\u9002\u7528\u4e8e<a href=\"http:\/\/vntec.vn\/vi\/wp-json\/wp\/v2\/product\/7646\" class=\"qtranxs-available-language-link qtranxs-available-language-link-vi\" title=\"Ti\u1ebfng Vi\u1ec7t\">Ti\u1ebfng Vi\u1ec7t<\/a>\uff0c<a href=\"http:\/\/vntec.vn\/en\/wp-json\/wp\/v2\/product\/7646\" class=\"qtranxs-available-language-link qtranxs-available-language-link-en\" title=\"English\">English<\/a>\u548c<a href=\"http:\/\/vntec.vn\/ja\/wp-json\/wp\/v2\/product\/7646\" class=\"qtranxs-available-language-link qtranxs-available-language-link-ja\" title=\"\u65e5\u672c\u8a9e\">\u65e5\u672c\u8a9e<\/a>\u3002<\/p>","protected":false},"excerpt":{"rendered":"<p>\u5bf9\u4e0d\u8d77\uff0c\u6b64\u5185\u5bb9\u53ea\u9002\u7528\u4e8eTi\u1ebfng Vi\u1ec7t\uff0cEnglish\u548c\u65e5\u672c\u8a9e\u3002<\/p>\n","protected":false},"featured_media":7659,"comment_status":"open","ping_status":"closed","template":"","meta":[],"product_cat":[33,639,287],"product_tag":[316,317,313,318,306,314],"class_list":["post-7646","product","type-product","status-publish","has-post-thumbnail","hentry","product_cat-tat-ca-san-pham","product_cat-diaphragm-valve","product_cat-van-vi-sinh","product_tag-diaphragm-valve","product_tag-sanitary-vavle","product_tag-van-316","product_tag-van-mang-vi-sinh","product_tag-van-vi-sinh","product_tag-vavle-316"],"_links":{"self":[{"href":"http:\/\/vntec.vn\/zh\/wp-json\/wp\/v2\/product\/7646","targetHints":{"allow":["GET"]}}],"collection":[{"href":"http:\/\/vntec.vn\/zh\/wp-json\/wp\/v2\/product"}],"about":[{"href":"http:\/\/vntec.vn\/zh\/wp-json\/wp\/v2\/types\/product"}],"replies":[{"embeddable":true,"href":"http:\/\/vntec.vn\/zh\/wp-json\/wp\/v2\/comments?post=7646"}],"wp:featuredmedia":[{"embeddable":true,"href":"http:\/\/vntec.vn\/zh\/wp-json\/wp\/v2\/media\/7659"}],"wp:attachment":[{"href":"http:\/\/vntec.vn\/zh\/wp-json\/wp\/v2\/media?parent=7646"}],"wp:term":[{"taxonomy":"product_cat","embeddable":true,"href":"http:\/\/vntec.vn\/zh\/wp-json\/wp\/v2\/product_cat?post=7646"},{"taxonomy":"product_tag","embeddable":true,"href":"http:\/\/vntec.vn\/zh\/wp-json\/wp\/v2\/product_tag?post=7646"}],"curies":[{"name":"wp","href":"https:\/\/api.w.org\/{rel}","templated":true}]}}