{"id":4641,"date":"2019-12-31T11:42:12","date_gmt":"2019-12-31T04:42:12","guid":{"rendered":"http:\/\/vntec.vn\/?post_type=product&#038;p=4641"},"modified":"2020-06-16T13:51:03","modified_gmt":"2020-06-16T06:51:03","slug":"mat-bich-thep-den","status":"publish","type":"product","link":"http:\/\/vntec.vn\/zh\/products\/mat-bich-thep-den","title":{"rendered":"M\u1eb7t b\u00edch th\u00e9p \u0111en"},"content":{"rendered":"","protected":false},"excerpt":{"rendered":"","protected":false},"featured_media":4382,"comment_status":"open","ping_status":"closed","template":"","meta":[],"product_cat":[33,189],"product_tag":[255,256,229],"class_list":["post-4641","product","type-product","status-publish","has-post-thumbnail","hentry","product_cat-tat-ca-san-pham","product_cat-ong-phukien-thepden","product_tag-matbich","product_tag-matbichlo","product_tag-thepden"],"_links":{"self":[{"href":"http:\/\/vntec.vn\/zh\/wp-json\/wp\/v2\/product\/4641","targetHints":{"allow":["GET"]}}],"collection":[{"href":"http:\/\/vntec.vn\/zh\/wp-json\/wp\/v2\/product"}],"about":[{"href":"http:\/\/vntec.vn\/zh\/wp-json\/wp\/v2\/types\/product"}],"replies":[{"embeddable":true,"href":"http:\/\/vntec.vn\/zh\/wp-json\/wp\/v2\/comments?post=4641"}],"wp:featuredmedia":[{"embeddable":true,"href":"http:\/\/vntec.vn\/zh\/wp-json\/wp\/v2\/media\/4382"}],"wp:attachment":[{"href":"http:\/\/vntec.vn\/zh\/wp-json\/wp\/v2\/media?parent=4641"}],"wp:term":[{"taxonomy":"product_cat","embeddable":true,"href":"http:\/\/vntec.vn\/zh\/wp-json\/wp\/v2\/product_cat?post=4641"},{"taxonomy":"product_tag","embeddable":true,"href":"http:\/\/vntec.vn\/zh\/wp-json\/wp\/v2\/product_tag?post=4641"}],"curies":[{"name":"wp","href":"https:\/\/api.w.org\/{rel}","templated":true}]}}