{"id":7689,"date":"2020-07-02T09:13:04","date_gmt":"2020-07-02T02:13:04","guid":{"rendered":"http:\/\/vntec.vn\/?post_type=product&#038;p=7689"},"modified":"2020-07-02T09:13:04","modified_gmt":"2020-07-02T02:13:04","slug":"mau-san-pham-duong-ong-upvc-sch80","status":"publish","type":"product","link":"http:\/\/vntec.vn\/ja\/products\/mau-san-pham-duong-ong-upvc-sch80","title":{"rendered":"M\u1eabu s\u1ea3n ph\u1ea9m \u0111\u01b0\u1eddng \u1ed1ng UPVC SCH80"},"content":{"rendered":"<p><span style=\"font-family: 'times new roman', times, serif; font-size: 14pt;\">VNTEC cung c\u1ea5p, thi\u1ebft k\u1ebf v\u00e0 l\u1eafp \u0111\u1eb7t h\u1ec7 th\u1ed1ng x\u1eed l\u00fd n\u01b0\u1edbc th\u1ea3i. Ch\u00fang t\u00f4i lu\u00f4n mang \u0111\u1ebfn nh\u1eefng d\u1ecbch v\u1ee5, ch\u1ea5t l\u01b0\u1ee3ng c\u00f4ng tr\u00ecnh, ti\u1ebfn \u0111\u1ed9 ch\u00ednh x\u00e1c nh\u1ea5t. \u0110\u01b0\u1ee3c ph\u1ee5c v\u1ee5 Qu\u00fd Kh\u00e1ch h\u00e0ng l\u00e0 ni\u1ec1m hinh h\u1ea1nh c\u1ee7a ch\u00fang t\u00f4i.<\/span><\/p>\n<p>&nbsp;<\/p>\n<p><img loading=\"lazy\" decoding=\"async\" class=\"alignnone size-medium wp-image-7686\" src=\"http:\/\/vntec.vn\/wp-content\/uploads\/2020\/07\/1e3a5e2769aa94f4cdbb-451x400.jpg\" alt=\"\" width=\"451\" height=\"400\" srcset=\"http:\/\/vntec.vn\/wp-content\/uploads\/2020\/07\/1e3a5e2769aa94f4cdbb-451x400.jpg 451w, http:\/\/vntec.vn\/wp-content\/uploads\/2020\/07\/1e3a5e2769aa94f4cdbb-903x800.jpg 903w, http:\/\/vntec.vn\/wp-content\/uploads\/2020\/07\/1e3a5e2769aa94f4cdbb-768x680.jpg 768w, http:\/\/vntec.vn\/wp-content\/uploads\/2020\/07\/1e3a5e2769aa94f4cdbb-1536x1361.jpg 1536w, http:\/\/vntec.vn\/wp-content\/uploads\/2020\/07\/1e3a5e2769aa94f4cdbb-600x532.jpg 600w, http:\/\/vntec.vn\/wp-content\/uploads\/2020\/07\/1e3a5e2769aa94f4cdbb.jpg 1544w\" sizes=\"auto, (max-width: 451px) 100vw, 451px\" \/><\/p>\n","protected":false},"excerpt":{"rendered":"<p>VNTEC cung c\u1ea5p, thi\u1ebft k\u1ebf v\u00e0 l\u1eafp \u0111\u1eb7t h\u1ec7 th\u1ed1ng x\u1eed l\u00fd n\u01b0\u1edbc th\u1ea3i. Ch\u00fang t\u00f4i lu\u00f4n mang \u0111\u1ebfn nh\u1eefng d\u1ecbch v\u1ee5, ch\u1ea5t l\u01b0\u1ee3n [&hellip;]<\/p>\n","protected":false},"featured_media":7686,"comment_status":"open","ping_status":"closed","template":"","meta":[],"product_cat":[33],"product_tag":[],"class_list":["post-7689","product","type-product","status-publish","has-post-thumbnail","hentry","product_cat-tat-ca-san-pham"],"_links":{"self":[{"href":"http:\/\/vntec.vn\/ja\/wp-json\/wp\/v2\/product\/7689","targetHints":{"allow":["GET"]}}],"collection":[{"href":"http:\/\/vntec.vn\/ja\/wp-json\/wp\/v2\/product"}],"about":[{"href":"http:\/\/vntec.vn\/ja\/wp-json\/wp\/v2\/types\/product"}],"replies":[{"embeddable":true,"href":"http:\/\/vntec.vn\/ja\/wp-json\/wp\/v2\/comments?post=7689"}],"wp:featuredmedia":[{"embeddable":true,"href":"http:\/\/vntec.vn\/ja\/wp-json\/wp\/v2\/media\/7686"}],"wp:attachment":[{"href":"http:\/\/vntec.vn\/ja\/wp-json\/wp\/v2\/media?parent=7689"}],"wp:term":[{"taxonomy":"product_cat","embeddable":true,"href":"http:\/\/vntec.vn\/ja\/wp-json\/wp\/v2\/product_cat?post=7689"},{"taxonomy":"product_tag","embeddable":true,"href":"http:\/\/vntec.vn\/ja\/wp-json\/wp\/v2\/product_tag?post=7689"}],"curies":[{"name":"wp","href":"https:\/\/api.w.org\/{rel}","templated":true}]}}