{"id":7455,"date":"2020-06-26T14:28:36","date_gmt":"2020-06-26T07:28:36","guid":{"rendered":"http:\/\/vntec.vn\/?post_type=product&#038;p=7455"},"modified":"2020-07-23T09:44:37","modified_gmt":"2020-07-23T02:44:37","slug":"sus316l-noi-chu-t-4-nga-4-dau-ferrule","status":"publish","type":"product","link":"http:\/\/vntec.vn\/ja\/products\/sus316l-noi-chu-t-4-nga-4-dau-ferrule","title":{"rendered":"SUS316L N\u1ed1i ch\u1eef T 4 ng\u00e3 4 \u0111\u1ea7u Ferrule"},"content":{"rendered":"<p><span style=\"font-family: 'times new roman', times, serif; font-size: 14pt;\">Xu\u1ea5t x\u1ee9: Nh\u1eadt B\u1ea3n, H\u00e0n Qu\u1ed1c, \u0110\u00e0i Loan, Th\u00e1i Lan\u2026<\/span><\/p>\n<p><span style=\"font-family: 'times new roman', times, serif; font-size: 14pt;\">Ti\u00eau chu\u1ea9n: DIN|SMS|ISO|BPE|JIS<\/span><\/p>\n<p><span style=\"font-family: 'times new roman', times, serif; font-size: 14pt;\">\u0110\u00e1nh b\u00f3ng: EP\u2026<\/span><\/p>","protected":false},"excerpt":{"rendered":"<p class=\"qtranxs-available-languages-message qtranxs-available-languages-message-ja\">\u7533\u3057\u8a33\u3042\u308a\u307e\u305b\u3093\u3001\u3053\u306e\u30b3\u30f3\u30c6\u30f3\u30c4\u306f\u305f\u3060\u4eca\u3000<a href=\"http:\/\/vntec.vn\/vi\/wp-json\/wp\/v2\/product\/7455\" class=\"qtranxs-available-language-link qtranxs-available-language-link-vi\" title=\"Ti\u1ebfng Vi\u1ec7t\">Ti\u1ebfng Vi\u1ec7t<\/a>\u3068 <a href=\"http:\/\/vntec.vn\/en\/wp-json\/wp\/v2\/product\/7455\" class=\"qtranxs-available-language-link qtranxs-available-language-link-en\" title=\"English\">English<\/a>\u3000\u306e\u307f\u3067\u3059\u3002<\/p>\n","protected":false},"featured_media":7403,"comment_status":"open","ping_status":"closed","template":"","meta":[],"product_cat":[33,37],"product_tag":[659,651,652,658],"class_list":["post-7455","product","type-product","status-publish","has-post-thumbnail","hentry","product_cat-tat-ca-san-pham","product_cat-sanitary-pipe-fitting","product_tag-phu-kien-304","product_tag-phu-kien-vi-sinh","product_tag-sanitary-fitting","product_tag-susu316l"],"_links":{"self":[{"href":"http:\/\/vntec.vn\/ja\/wp-json\/wp\/v2\/product\/7455","targetHints":{"allow":["GET"]}}],"collection":[{"href":"http:\/\/vntec.vn\/ja\/wp-json\/wp\/v2\/product"}],"about":[{"href":"http:\/\/vntec.vn\/ja\/wp-json\/wp\/v2\/types\/product"}],"replies":[{"embeddable":true,"href":"http:\/\/vntec.vn\/ja\/wp-json\/wp\/v2\/comments?post=7455"}],"wp:featuredmedia":[{"embeddable":true,"href":"http:\/\/vntec.vn\/ja\/wp-json\/wp\/v2\/media\/7403"}],"wp:attachment":[{"href":"http:\/\/vntec.vn\/ja\/wp-json\/wp\/v2\/media?parent=7455"}],"wp:term":[{"taxonomy":"product_cat","embeddable":true,"href":"http:\/\/vntec.vn\/ja\/wp-json\/wp\/v2\/product_cat?post=7455"},{"taxonomy":"product_tag","embeddable":true,"href":"http:\/\/vntec.vn\/ja\/wp-json\/wp\/v2\/product_tag?post=7455"}],"curies":[{"name":"wp","href":"https:\/\/api.w.org\/{rel}","templated":true}]}}