{"id":5192,"date":"2020-03-18T09:53:55","date_gmt":"2020-03-18T02:53:55","guid":{"rendered":"http:\/\/vntec.vn\/?post_type=product&#038;p=5192"},"modified":"2024-03-19T10:28:51","modified_gmt":"2024-03-19T03:28:51","slug":"sus304-tee-han-ap-luc","status":"publish","type":"product","link":"http:\/\/vntec.vn\/ja\/products\/sus304-tee-han-ap-luc","title":{"rendered":"SUS304 Tee h\u00e0n \u00e1p l\u1ef1c"},"content":{"rendered":"","protected":false},"excerpt":{"rendered":"<p>Xu\u1ea5t x\u1ee9: Trung Qu\u1ed1c, \u0110\u00e0i Loan, Th\u00e1i Lan&#8230;<\/p>\n","protected":false},"featured_media":9372,"comment_status":"open","ping_status":"closed","template":"","meta":[],"product_cat":[33,99],"product_tag":[],"class_list":["post-5192","product","type-product","status-publish","has-post-thumbnail","hentry","product_cat-tat-ca-san-pham","product_cat-ong-va-phu-kien-sus304"],"_links":{"self":[{"href":"http:\/\/vntec.vn\/ja\/wp-json\/wp\/v2\/product\/5192","targetHints":{"allow":["GET"]}}],"collection":[{"href":"http:\/\/vntec.vn\/ja\/wp-json\/wp\/v2\/product"}],"about":[{"href":"http:\/\/vntec.vn\/ja\/wp-json\/wp\/v2\/types\/product"}],"replies":[{"embeddable":true,"href":"http:\/\/vntec.vn\/ja\/wp-json\/wp\/v2\/comments?post=5192"}],"wp:featuredmedia":[{"embeddable":true,"href":"http:\/\/vntec.vn\/ja\/wp-json\/wp\/v2\/media\/9372"}],"wp:attachment":[{"href":"http:\/\/vntec.vn\/ja\/wp-json\/wp\/v2\/media?parent=5192"}],"wp:term":[{"taxonomy":"product_cat","embeddable":true,"href":"http:\/\/vntec.vn\/ja\/wp-json\/wp\/v2\/product_cat?post=5192"},{"taxonomy":"product_tag","embeddable":true,"href":"http:\/\/vntec.vn\/ja\/wp-json\/wp\/v2\/product_tag?post=5192"}],"curies":[{"name":"wp","href":"https:\/\/api.w.org\/{rel}","templated":true}]}}