{"id":5164,"date":"2020-03-17T20:44:34","date_gmt":"2020-03-17T13:44:34","guid":{"rendered":"http:\/\/vntec.vn\/?post_type=product&#038;p=5164"},"modified":"2021-08-20T14:59:16","modified_gmt":"2021-08-20T07:59:16","slug":"sus304-co-ren-ap-luc","status":"publish","type":"product","link":"http:\/\/vntec.vn\/ja\/products\/sus304-co-ren-ap-luc","title":{"rendered":"SUS304 Co ren \u00e1p l\u1ef1c"},"content":{"rendered":"","protected":false},"excerpt":{"rendered":"<p>Xu\u1ea5t x\u1ee9: Trung Qu\u1ed1c, \u0110\u00e0i Loan, Th\u00e1i Lan&#8230;<\/p>\n","protected":false},"featured_media":9373,"comment_status":"open","ping_status":"closed","template":"","meta":[],"product_cat":[33,99],"product_tag":[],"class_list":["post-5164","product","type-product","status-publish","has-post-thumbnail","hentry","product_cat-tat-ca-san-pham","product_cat-ong-va-phu-kien-sus304"],"_links":{"self":[{"href":"http:\/\/vntec.vn\/ja\/wp-json\/wp\/v2\/product\/5164","targetHints":{"allow":["GET"]}}],"collection":[{"href":"http:\/\/vntec.vn\/ja\/wp-json\/wp\/v2\/product"}],"about":[{"href":"http:\/\/vntec.vn\/ja\/wp-json\/wp\/v2\/types\/product"}],"replies":[{"embeddable":true,"href":"http:\/\/vntec.vn\/ja\/wp-json\/wp\/v2\/comments?post=5164"}],"wp:featuredmedia":[{"embeddable":true,"href":"http:\/\/vntec.vn\/ja\/wp-json\/wp\/v2\/media\/9373"}],"wp:attachment":[{"href":"http:\/\/vntec.vn\/ja\/wp-json\/wp\/v2\/media?parent=5164"}],"wp:term":[{"taxonomy":"product_cat","embeddable":true,"href":"http:\/\/vntec.vn\/ja\/wp-json\/wp\/v2\/product_cat?post=5164"},{"taxonomy":"product_tag","embeddable":true,"href":"http:\/\/vntec.vn\/ja\/wp-json\/wp\/v2\/product_tag?post=5164"}],"curies":[{"name":"wp","href":"https:\/\/api.w.org\/{rel}","templated":true}]}}