{"id":4270,"date":"2019-12-31T11:12:52","date_gmt":"2019-12-31T04:12:52","guid":{"rendered":"http:\/\/vntec.vn\/?post_type=product&#038;p=4270"},"modified":"2024-03-25T01:02:02","modified_gmt":"2024-03-24T18:02:02","slug":"mat-bich-mu-thep-den","status":"publish","type":"product","link":"http:\/\/vntec.vn\/ja\/products\/mat-bich-mu-thep-den","title":{"rendered":"M\u1eb7t b\u00edch m\u00f9 th\u00e9p \u0111en"},"content":{"rendered":"","protected":false},"excerpt":{"rendered":"<p><span style=\"font-family: 'times new roman', times, serif; font-size: 14pt;\">Xu\u1ea5t x\u1ee9: Trung Qu\u1ed1c, Th\u00e1i Lan, Vi\u1ec7t Nam&#8230;<\/span><\/p>\n<p><span style=\"font-family: 'times new roman', times, serif; font-size: 14pt;\">Ti\u00eau chu\u1ea9n: JIS 10K, 20K, ANSI #150, ANSI #300&#8230;<\/span><\/p>\n","protected":false},"featured_media":4271,"comment_status":"open","ping_status":"closed","template":"","meta":[],"product_cat":[33,189],"product_tag":[],"class_list":["post-4270","product","type-product","status-publish","has-post-thumbnail","hentry","product_cat-tat-ca-san-pham","product_cat-ong-phukien-thepden"],"_links":{"self":[{"href":"http:\/\/vntec.vn\/ja\/wp-json\/wp\/v2\/product\/4270","targetHints":{"allow":["GET"]}}],"collection":[{"href":"http:\/\/vntec.vn\/ja\/wp-json\/wp\/v2\/product"}],"about":[{"href":"http:\/\/vntec.vn\/ja\/wp-json\/wp\/v2\/types\/product"}],"replies":[{"embeddable":true,"href":"http:\/\/vntec.vn\/ja\/wp-json\/wp\/v2\/comments?post=4270"}],"wp:featuredmedia":[{"embeddable":true,"href":"http:\/\/vntec.vn\/ja\/wp-json\/wp\/v2\/media\/4271"}],"wp:attachment":[{"href":"http:\/\/vntec.vn\/ja\/wp-json\/wp\/v2\/media?parent=4270"}],"wp:term":[{"taxonomy":"product_cat","embeddable":true,"href":"http:\/\/vntec.vn\/ja\/wp-json\/wp\/v2\/product_cat?post=4270"},{"taxonomy":"product_tag","embeddable":true,"href":"http:\/\/vntec.vn\/ja\/wp-json\/wp\/v2\/product_tag?post=4270"}],"curies":[{"name":"wp","href":"https:\/\/api.w.org\/{rel}","templated":true}]}}