{"id":1101,"date":"2019-12-27T11:49:56","date_gmt":"2019-12-27T04:55:00","guid":{"rendered":"http:\/\/vntec.vn\/?post_type=product&#038;p=1101"},"modified":"2021-09-18T14:40:32","modified_gmt":"2021-09-18T07:40:32","slug":"sus316l-giam-lech-tam-vi-sinh","status":"publish","type":"product","link":"http:\/\/vntec.vn\/ja\/products\/sus316l-giam-lech-tam-vi-sinh","title":{"rendered":"SUS316L Gi\u1ea3m l\u1ec7ch t\u00e2m vi sinh"},"content":{"rendered":"<p><img loading=\"lazy\" decoding=\"async\" class=\"alignnone size-medium wp-image-1061\" src=\"http:\/\/vntec.vn\/wp-content\/uploads\/2019\/12\/gi\u1ea3m-l\u1ec7ch-t\u00e2m-500x348.jpg\" alt=\"\" width=\"500\" height=\"348\" srcset=\"http:\/\/vntec.vn\/wp-content\/uploads\/2019\/12\/gi\u1ea3m-l\u1ec7ch-t\u00e2m-500x348.jpg 500w, http:\/\/vntec.vn\/wp-content\/uploads\/2019\/12\/gi\u1ea3m-l\u1ec7ch-t\u00e2m.jpg 505w\" sizes=\"auto, (max-width: 500px) 100vw, 500px\" \/><\/p>","protected":false},"excerpt":{"rendered":"<p><span style=\"font-family: 'times new roman', times, serif; font-size: 14pt;\">Ti\u00eau chu\u1ea9n: JIS, ISO, ASTM<\/span><\/p>\n<p><span style=\"font-family: 'times new roman', times, serif; font-size: 14pt;\">Xu\u1ea5t x\u1ee9: Nh\u1eadt B\u1ea3n, H\u00e0n Qu\u1ed1c, \u0110\u00e0i Loan, Th\u00e1i Lan, Trung Qu\u1ed1c<\/span><\/p>\n<p><span style=\"font-family: 'times new roman', times, serif; font-size: 14pt;\">Chi ti\u1ebft: EP v\u00e0 #400<\/span><\/p>\n","protected":false},"featured_media":9382,"comment_status":"open","ping_status":"closed","template":"","meta":[],"product_cat":[37],"product_tag":[],"class_list":["post-1101","product","type-product","status-publish","has-post-thumbnail","hentry","product_cat-sanitary-pipe-fitting"],"_links":{"self":[{"href":"http:\/\/vntec.vn\/ja\/wp-json\/wp\/v2\/product\/1101","targetHints":{"allow":["GET"]}}],"collection":[{"href":"http:\/\/vntec.vn\/ja\/wp-json\/wp\/v2\/product"}],"about":[{"href":"http:\/\/vntec.vn\/ja\/wp-json\/wp\/v2\/types\/product"}],"replies":[{"embeddable":true,"href":"http:\/\/vntec.vn\/ja\/wp-json\/wp\/v2\/comments?post=1101"}],"wp:featuredmedia":[{"embeddable":true,"href":"http:\/\/vntec.vn\/ja\/wp-json\/wp\/v2\/media\/9382"}],"wp:attachment":[{"href":"http:\/\/vntec.vn\/ja\/wp-json\/wp\/v2\/media?parent=1101"}],"wp:term":[{"taxonomy":"product_cat","embeddable":true,"href":"http:\/\/vntec.vn\/ja\/wp-json\/wp\/v2\/product_cat?post=1101"},{"taxonomy":"product_tag","embeddable":true,"href":"http:\/\/vntec.vn\/ja\/wp-json\/wp\/v2\/product_tag?post=1101"}],"curies":[{"name":"wp","href":"https:\/\/api.w.org\/{rel}","templated":true}]}}