{"id":7901,"date":"2020-05-19T00:08:19","date_gmt":"2020-05-18T17:08:19","guid":{"rendered":"http:\/\/vntec.vn\/thu-ngo\/"},"modified":"2021-10-05T12:47:28","modified_gmt":"2021-10-05T05:47:28","slug":"thu-ngo-3","status":"publish","type":"page","link":"http:\/\/vntec.vn\/ja\/thu-ngo-3","title":{"rendered":"Th\u01b0 ng\u1ecf"},"content":{"rendered":"<p><\/p>\n<p style=\"text-align: justify; background: white; margin: 0cm 0cm 7.5pt 0cm;\"><span style=\"font-size: 14pt; font-family: 'times new roman', times, serif; color: dimgray;\">L\u1eddi \u0111\u1ea7u ti\u00ean C\u00f4ng ty TNHH VNTEC xin g\u1eedi \u0111\u1ebfn Qu\u00fd kh\u00e1ch h\u00e0ng l\u1eddi ch\u00e0o h\u1ee3p t\u00e1c, l\u1eddi ch\u00fac s\u1ee9c kh\u1ecfe v\u00e0 th\u00e0nh c\u00f4ng. \u0110\u01b0\u1ee3c h\u1ee3p t\u00e1c v\u1edbi Qu\u00fd kh\u00e1ch h\u00e0ng l\u00e0 ni\u1ec1m vinh d\u1ef1 c\u0169ng nh\u01b0 \u0111\u1ed9ng l\u1ef1c \u0111\u1ec3 VNTEC ho\u00e0n thi\u1ec7n v\u00e0 ph\u00e1t tri\u1ec3n.<\/span><\/p>\n<p style=\"text-align: justify; background: white; margin: 0cm 0cm 7.5pt 0cm;\"><span style=\"font-size: 14pt; font-family: 'times new roman', times, serif; color: dimgray;\">VNTEC \u0111\u01b0\u1ee3c th\u00e0nh l\u1eadp v\u00e0o th\u00e1ng 8\/2019. L\u00e0 m\u1ed9t doanh nghi\u1ec7p tr\u1ebb v\u00e0 m\u1edbi th\u00e0nh l\u1eadp nh\u01b0ng v\u1edbi \u0111\u1ed9i ng\u0169 k\u1ef9 s\u01b0 l\u00e0nh ngh\u1ec1 c\u00f3 tr\u00ecnh \u0111\u1ed9 chuy\u00ean m\u00f4n cao, nhi\u1ec1u kinh nghi\u1ec7m trong vi\u1ec7c thi\u1ebft k\u1ebf, ch\u1ebf t\u1ea1o, ki\u1ec3m tra, thi c\u00f4ng, l\u1eafp \u0111\u1eb7t v\u00e0 v\u1eadn h\u00e0nh c\u00e1c h\u1ec7 th\u1ed1ng c\u00f4ng ngh\u1ec7, h\u1ec7 th\u1ed1ng x\u1eed l\u00fd n\u01b0\u1edbc s\u1ea1ch, n\u01b0\u1edbc th\u1ea3i cho c\u00e1c nh\u00e0 m\u00e1y s\u1ea3n xu\u1ea5t c\u00f4ng nghi\u1ec7p, c\u00f4ng ty d\u01b0\u1ee3c ph\u1ea9m, th\u1ef1c ph\u1ea9m.<\/span><\/p>\n<p style=\"text-align: justify; background: white; margin: 0cm 0cm 7.5pt 0cm;\"><span style=\"font-size: 14pt; font-family: 'times new roman', times, serif; color: dimgray;\">Trong qu\u00e1 tr\u00ecnh h\u00ecnh th\u00e0nh v\u00e0 ph\u00e1t tri\u1ec3n, VNTEC lu\u00f4n duy tr\u00ec, ph\u1ea5n \u0111\u1ea5u cho m\u1ee5c ti\u00eau c\u1ee7a m\u00ecnh v\u1ec1 \u201cUY T\u00cdN &#8211; CH\u1ea4T L\u01af\u1ee2NG \u2013 AN TO\u00c0N\u201d. Do \u0111\u00f3, VNTEC kh\u00f4ng ng\u1eebng n\u1ed7 l\u1ef1c \u0111\u1ec3 lu\u00f4n mang \u0111\u1ebfn cho Q\u00fay kh\u00e1ch h\u00e0ng nh\u1eefng d\u1ecbch v\u1ee5 t\u1ed1t nh\u1ea5t v\u1edbi gi\u00e1 th\u00e0nh t\u1ed1t nh\u1ea5t b\u1eb1ng s\u1ef1 n\u0103ng \u0111\u1ed9ng, s\u00e1ng t\u1ea1o kh\u00f4ng ng\u1eebng ngh\u1ec9 c\u1ee7a \u0111\u1ed9i ng\u0169 nh\u00e2n vi\u00ean VNTEC.<\/span><\/p>\n<p style=\"text-align: justify; background: white; margin: 0cm 0cm 7.5pt 0cm;\"><span style=\"font-size: 14pt; font-family: 'times new roman', times, serif; color: dimgray;\">\u0110\u1ec3 h\u1ed9i nh\u1eadp c\u00f9ng th\u1ebf gi\u1edbi v\u00e0 y\u00eau c\u1ea7u ng\u00e0y c\u00e0ng cao c\u0169ng nh\u01b0 n\u00e2ng cao ch\u1ea5t l\u01b0\u1ee3ng ph\u1ee5c v\u1ee5 \u0111\u1ebfn qu\u00fd kh\u00e1ch h\u00e0ng,VNTEC ti\u1ebfn h\u00e0nh m\u1ee5c ti\u00eau chuy\u00ean nghi\u1ec7p h\u00f3a H\u1ec7 th\u1ed1ng qu\u1ea3n l\u00fd Ch\u1ea5t l\u01b0\u1ee3ng, v\u1edbi m\u1ee5c ti\u00eau ph\u00e1t tri\u1ec3n h\u1ec7 th\u1ed1ng qu\u00e1n l\u00fd theo Ti\u00eau chu\u1ea9n Qu\u1ed1c t\u1ebf IS0-9001: 2015. Ngo\u00e0i ra, VNTEC lu\u00f4n ch\u00fa tr\u1ecdng \u0111\u1ea7u t\u01b0 v\u00e0o trang thi\u1ebft b\u1ecb, c\u00f4ng ngh\u1ec7 hi\u1ec7n \u0111\u1ea1i \u0111\u1ec3 n\u00e2ng cao ch\u1ea5t l\u01b0\u1ee3ng s\u1ea3n ph\u1ea9m, n\u00e2ng cao n\u0103ng su\u1ea5t l\u00e0m vi\u1ec7c d\u1ea7n hi\u1ec7n \u0111\u1ea1i h\u00f3a s\u1ea3n xu\u1ea5t, thi c\u00f4ng, kh\u1eb3ng \u0111\u1ecbnh v\u1ecb th\u1ebf c\u1ee7a VNTEC t\u1ea1i Vi\u1ec7t Nam v\u00e0 khu v\u1ef1c \u0110\u00f4ng Nam \u00c1.<\/span><\/p>\n<p style=\"text-align: justify; background: white; margin: 0cm 0cm 7.5pt 0cm;\"><span style=\"font-size: 14pt; font-family: 'times new roman', times, serif; color: dimgray;\">Chi\u1ebfn l\u01b0\u1ee3c ph\u00e1t tri\u1ec3n b\u1ec1n v\u1eefng, l\u1ea5y s\u1ef1 h\u00e0i l\u00f2ng c\u1ee7a kh\u00e1ch h\u00e0ng l\u00e0m ti\u00eau ch\u00ed ho\u1ea1t \u0111\u1ed9ng, ph\u00e1t tri\u1ec3n nhanh nh\u01b0ng v\u1eefng ch\u1eafc c\u1ee7a VNTEC kh\u00f4ng nh\u1eefng th\u1ec3 hi\u1ec7n qua doanh thu, l\u1ee3i nhu\u1eadn m\u00e0 c\u00f2n th\u1ec3 hi\u1ec7n qua ch\u1ea5t l\u01b0\u1ee3ng s\u1ea3n ph\u1ea9m v\u00e0 hi\u1ec7u qu\u1ea3 kinh t\u1ebf c\u1ee7a qu\u00fd kh\u00e1ch h\u00e0ng.<\/span><\/p>\n<p style=\"text-align: justify; background: white; margin: 0cm 0cm 7.5pt 0cm;\"><span style=\"font-size: 14pt; font-family: 'times new roman', times, serif; color: dimgray;\">V\u1edbi mong mu\u1ed1n \u0111\u1ed3ng h\u00e0nh cung qu\u00fd kh\u00e1ch h\u00e0ng trong s\u1ef1 ph\u00e1t tri\u1ec3n ng\u00e0y c\u00e0ng l\u1edbn m\u1ea1nh, VNTEC mong nh\u1eadn \u0111\u01b0\u1ee3c s\u1ef1 \u1ee7ng h\u1ed9, quan t\u00e2m h\u01a1n n\u1eefa c\u1ee7a qu\u00fd kh\u00e1ch h\u00e0ng trong th\u1eddi gian s\u1eafp t\u1edbi.<\/span><\/p>\n<p style=\"text-align: justify; background: white; margin: 0cm 0cm 7.5pt 0cm;\"><span style=\"font-size: 14pt; font-family: 'times new roman', times, serif; color: dimgray;\">M\u1ed9t l\u1ea7n n\u1eefa, VNTEC xin tr\u00e2n tr\u1ecdng c\u1ea3m \u01a1n s\u1ef1 quan t\u00e2m, h\u1ed7 tr\u1ee3 c\u1ee7a Qu\u00fd kh\u00e1ch h\u00e0ng. Ch\u00fang t\u00f4i hi v\u1ecdng, VNTEC s\u1ebd l\u00e0 m\u1ed9t th\u01b0\u01a1ng hi\u1ec7u th\u00e2n thi\u1ec7n v\u00e0 uy t\u00edn lu\u00f4n d\u00e0nh \u0111\u01b0\u1ee3c t\u00ecnh c\u1ea3m trong l\u00f2ng Qu\u00fd kh\u00e1ch h\u00e0ng.<\/span><\/p>\n<p><span style=\"font-family: 'times new roman', times, serif; font-size: 14pt;\"><strong>VNTEC xin ch\u00e2n th\u00e0nh c\u1ea3m \u01a1n!<\/strong><\/span><\/p>","protected":false},"excerpt":{"rendered":"<p>L\u1eddi \u0111\u1ea7u ti\u00ean C\u00f4ng ty TNHH VNTEC xin g\u1eedi \u0111\u1ebfn Qu\u00fd kh\u00e1ch h\u00e0ng l\u1eddi ch\u00e0o h\u1ee3p t\u00e1c, l\u1eddi ch\u00fac s\u1ee9c kh\u1ecfe v\u00e0 th\u00e0nh c\u00f4ng.  [&hellip;]<\/p>\n","protected":false},"author":1,"featured_media":0,"parent":0,"menu_order":0,"comment_status":"closed","ping_status":"closed","template":"","meta":{"footnotes":""},"class_list":["post-7901","page","type-page","status-publish","hentry"],"_links":{"self":[{"href":"http:\/\/vntec.vn\/ja\/wp-json\/wp\/v2\/pages\/7901","targetHints":{"allow":["GET"]}}],"collection":[{"href":"http:\/\/vntec.vn\/ja\/wp-json\/wp\/v2\/pages"}],"about":[{"href":"http:\/\/vntec.vn\/ja\/wp-json\/wp\/v2\/types\/page"}],"author":[{"embeddable":true,"href":"http:\/\/vntec.vn\/ja\/wp-json\/wp\/v2\/users\/1"}],"replies":[{"embeddable":true,"href":"http:\/\/vntec.vn\/ja\/wp-json\/wp\/v2\/comments?post=7901"}],"version-history":[{"count":3,"href":"http:\/\/vntec.vn\/ja\/wp-json\/wp\/v2\/pages\/7901\/revisions"}],"predecessor-version":[{"id":9625,"href":"http:\/\/vntec.vn\/ja\/wp-json\/wp\/v2\/pages\/7901\/revisions\/9625"}],"wp:attachment":[{"href":"http:\/\/vntec.vn\/ja\/wp-json\/wp\/v2\/media?parent=7901"}],"curies":[{"name":"wp","href":"https:\/\/api.w.org\/{rel}","templated":true}]}}