{"id":7646,"date":"2020-06-30T16:20:12","date_gmt":"2020-06-30T09:20:12","guid":{"rendered":"http:\/\/vntec.vn\/?post_type=product&#038;p=7646"},"modified":"2020-07-21T10:45:15","modified_gmt":"2020-07-21T03:45:15","slug":"van-khi-nen-day-bon-khi-nen","status":"publish","type":"product","link":"http:\/\/vntec.vn\/en\/products\/van-khi-nen-day-bon-khi-nen","title":{"rendered":"Van kh\u00ed n\u00e9n \u0111\u00e1y b\u1ed3n kh\u00ed n\u00e9n"},"content":{"rendered":"<p><\/p>\n<div class=\"sliderTable mt10 mb10 sliderTable-index0\">\n<div class=\"inner\">\n<table style=\"width: 84.2838%; height: 135px;\">\n<tbody>\n<tr class=\"firstRow\" style=\"height: 27px;\">\n<td style=\"height: 27px;\" valign=\"top\" width=\"436\"><strong><span style=\"font-family: 'times new roman', times, serif; font-size: 14pt;\">Valve body:<\/span><\/strong><\/td>\n<td style=\"height: 27px;\" valign=\"top\" width=\"436\"><span style=\"font-family: 'times new roman', times, serif; font-size: 14pt;\">CF8M\u00a0investment casting ASTM 351<\/span><\/td>\n<\/tr>\n<tr style=\"height: 27px;\">\n<td style=\"height: 27px;\" valign=\"top\" width=\"436\"><strong><span style=\"font-family: 'times new roman', times, serif; font-size: 14pt;\">Size :<\/span><\/strong><\/td>\n<td style=\"height: 27px;\" valign=\"top\" width=\"436\"><span style=\"font-family: 'times new roman', times, serif; font-size: 14pt;\">3\/4\u2033 to 4\u2033 DN15-DN100<\/span><\/td>\n<\/tr>\n<tr style=\"height: 27px;\">\n<td style=\"height: 27px;\" valign=\"top\" width=\"436\"><strong><span style=\"font-family: 'times new roman', times, serif; font-size: 14pt;\">Membrane:<\/span><\/strong><\/td>\n<td style=\"height: 27px;\" valign=\"top\" width=\"436\"><span style=\"font-family: 'times new roman', times, serif; font-size: 14pt;\">PTFE+EPDM,SILICONE,EPDM.FDA certificated<\/span><\/td>\n<\/tr>\n<tr style=\"height: 27px;\">\n<td style=\"height: 27px;\" valign=\"top\" width=\"436\"><strong><span style=\"font-family: 'times new roman', times, serif; font-size: 14pt;\">Operations:\u00a0<\/span><\/strong><\/td>\n<td style=\"height: 27px;\" valign=\"top\" width=\"436\"><span style=\"font-family: 'times new roman', times, serif; font-size: 14pt;\">Manual Type,Pneumatic actuated<\/span><\/td>\n<\/tr>\n<tr style=\"height: 27px;\">\n<td style=\"height: 27px;\" colspan=\"1\" rowspan=\"1\" valign=\"top\"><strong><span style=\"font-family: 'times new roman', times, serif; font-size: 14pt;\">Connections:\u00a0<\/span><\/strong><\/td>\n<td style=\"height: 27px;\" colspan=\"1\" rowspan=\"1\" valign=\"top\"><span style=\"font-family: 'times new roman', times, serif; font-size: 14pt;\">Clamped,Butt-weld,female,male<\/span><\/td>\n<\/tr>\n<\/tbody>\n<\/table>\n<\/div>\n<\/div>\n<p><span style=\"font-family: 'times new roman', times, serif; font-size: 14pt;\">Working temp: EPDM (-40 \u2103 ~120 \u2103) PTFE (-25 \u2103~180\u2103)<\/span><br \/>\n<span style=\"font-family: 'times new roman', times, serif; font-size: 14pt;\">Working pressure: Max 10 Bar<\/span><br \/>\n<span style=\"font-family: 'times new roman', times, serif; font-size: 14pt;\">Surface: internal mirror polished Ra&lt;0.4\u03bcm External-Sand Blasted<\/span><br \/>\n<span style=\"font-family: 'times new roman', times, serif; font-size: 14pt;\">Self-draining Angle:<\/span><br \/>\n<span style=\"font-family: 'times new roman', times, serif; font-size: 14pt;\">When installing diaphragm valve in the horizontal pipeline, the valve should be installed at 15-30 degrees with horizontal plane, to make fluid turbulent, in order to completely evacuate the medium and to prevent dead legs.<\/span><\/p>\n<div class=\"wp-caption alignnone\"><span style=\"font-family: 'times new roman', times, serif; font-size: 14pt;\"><img loading=\"lazy\" decoding=\"async\" class=\"size-medium wp-image-1252 lazyloaded\" src=\"https:\/\/rlrorwxhliinlk5q.ldycdn.com\/cloud\/miBqnKjlRlpSkpqrppom\/tank-bottom-diaphragm-valve-installation-300x212.jpg\" alt=\"tank bottom diaphragm valve installation\" width=\"300\" height=\"212\" data-original=\"\/\/rlrorwxhliinlk5q.ldycdn.com\/cloud\/miBqnKjlRlpSkpqrppom\/tank-bottom-diaphragm-valve-installation-300x212.jpg\" \/><\/span><\/p>\n<p class=\"wp-caption-text\"><span style=\"font-family: 'times new roman', times, serif; font-size: 14pt;\">Tank bottom diaphragm valve installation<\/span><\/p>\n<\/div>\n<p><\/p>","protected":false},"excerpt":{"rendered":"<p>Valve body: CF8M\u00a0investment casting ASTM 351 Size : 3\/4\u2033 to 4\u2033 DN15-DN100 Membrane: PTFE+EPDM,SILICONE,EPDM.FDA certificated Operations:\u00a0 Manual Type,Pneumatic actuated Connections:\u00a0 Clamped,Butt-weld,female,male Working temp: EPDM (-40 \u2103 ~120 \u2103) PTFE (-25 \u2103~180\u2103) Working pressure: Max 10 Bar Surface: internal mirror polished Ra&lt;0.4\u03bcm External-Sand Blasted Self-draining Angle: When installing diaphragm valve in the horizontal pipeline, the valve [&hellip;]<\/p>\n","protected":false},"featured_media":7659,"comment_status":"open","ping_status":"closed","template":"","meta":[],"product_cat":[33,639,287],"product_tag":[316,317,313,318,306,314],"class_list":["post-7646","product","type-product","status-publish","has-post-thumbnail","hentry","product_cat-tat-ca-san-pham","product_cat-diaphragm-valve","product_cat-van-vi-sinh","product_tag-diaphragm-valve","product_tag-sanitary-vavle","product_tag-van-316","product_tag-van-mang-vi-sinh","product_tag-van-vi-sinh","product_tag-vavle-316"],"_links":{"self":[{"href":"http:\/\/vntec.vn\/en\/wp-json\/wp\/v2\/product\/7646","targetHints":{"allow":["GET"]}}],"collection":[{"href":"http:\/\/vntec.vn\/en\/wp-json\/wp\/v2\/product"}],"about":[{"href":"http:\/\/vntec.vn\/en\/wp-json\/wp\/v2\/types\/product"}],"replies":[{"embeddable":true,"href":"http:\/\/vntec.vn\/en\/wp-json\/wp\/v2\/comments?post=7646"}],"wp:featuredmedia":[{"embeddable":true,"href":"http:\/\/vntec.vn\/en\/wp-json\/wp\/v2\/media\/7659"}],"wp:attachment":[{"href":"http:\/\/vntec.vn\/en\/wp-json\/wp\/v2\/media?parent=7646"}],"wp:term":[{"taxonomy":"product_cat","embeddable":true,"href":"http:\/\/vntec.vn\/en\/wp-json\/wp\/v2\/product_cat?post=7646"},{"taxonomy":"product_tag","embeddable":true,"href":"http:\/\/vntec.vn\/en\/wp-json\/wp\/v2\/product_tag?post=7646"}],"curies":[{"name":"wp","href":"https:\/\/api.w.org\/{rel}","templated":true}]}}