{"id":6410,"date":"2020-06-24T09:07:01","date_gmt":"2020-06-24T02:07:01","guid":{"rendered":"http:\/\/vntec.vn\/?post_type=product&#038;p=6410"},"modified":"2020-07-21T10:55:54","modified_gmt":"2020-07-21T03:55:54","slug":"van-mang-vi-sinh-khi-nen-edpmptfe","status":"publish","type":"product","link":"http:\/\/vntec.vn\/en\/products\/van-mang-vi-sinh-khi-nen-edpmptfe","title":{"rendered":"Van m\u00e0ng vi sinh kh\u00ed n\u00e9n (m\u00e0ng EDPM+PTFE)"},"content":{"rendered":"<p style=\"text-align: justify;\"><span style=\"font-size: 18pt;\"><strong><span style=\"font-family: 'times new roman', times, serif;\">Features:<\/span><\/strong><\/span><br \/>\n<span style=\"font-family: 'times new roman', times, serif; font-size: 14pt;\">Valve body:Investment casting CF8M\/SS316<\/span><br \/>\n<span style=\"font-family: 'times new roman', times, serif; font-size: 14pt;\">Forged body can be supplied on request.<\/span><br \/>\n<span style=\"font-family: 'times new roman', times, serif; font-size: 14pt;\">Size :3\/4\u2033 to 4\u2033 DN15-DN100<\/span><br \/>\n<span style=\"font-family: 'times new roman', times, serif; font-size: 14pt;\">Also available in Mini type: DN6, DN8, DN10,<\/span><br \/>\n<span style=\"font-family: 'times new roman', times, serif; font-size: 14pt;\">Membrane:PTFE+EPDM,SILICONE,EPDM.FDA certificated<\/span><br \/>\n<span style=\"font-family: 'times new roman', times, serif; font-size: 14pt;\">Operation: Manual Type,Pneumatic actuated(air\/ air or air\/spring in NO or NC mode)<\/span><br \/>\n<span style=\"font-family: 'times new roman', times, serif; font-size: 14pt;\">Optional actuator control units availabe: electronic positioner, limit switch, solenoid valve<\/span><br \/>\n<span style=\"font-family: 'times new roman', times, serif; font-size: 14pt;\">Connections: Clamped,Butt-weld,female,male<\/span><br \/>\n<span style=\"font-family: 'times new roman', times, serif; font-size: 14pt;\">Working temp: EPDM(-40 \u2103 ~120 \u2103) PTFE(-25 \u2103~180\u2103)<\/span><br \/>\n<span style=\"font-family: 'times new roman', times, serif; font-size: 14pt;\">Working pressure: 4-10Bar<\/span><br \/>\n<span style=\"font-family: 'times new roman', times, serif; font-size: 14pt;\">Surface: internal mirror polished Ra&lt;0.4\u03bcm External-Sand Blasted<\/span><\/p>\n","protected":false},"excerpt":{"rendered":"<p style=\"text-align: justify;\"><span style=\"font-family: 'times new roman', times, serif; font-size: 14pt;\">SS316 Van m\u00e0ng vi sinh v\u1edbi b\u1ed9 truy\u1ec1n \u0111\u1ed9ng kh\u00ed n\u00e9n. cho ph\u00e9p ki\u1ec3m so\u00e1t ch\u00ednh x\u00e1c t\u1ed1c \u0111\u1ed9 d\u00f2ng ch\u1ea5t l\u1ecfng v\u1edbi \u0111\u1ed9 nhi\u1ec5u th\u1ea5p v\u00e0 \u00e1p su\u1ea5t ng\u01b0\u1ee3c t\u1ed1i thi\u1ec3u. N\u00f3 c\u00f3 th\u1ec3 \u0111\u01b0\u1ee3c kh\u1eed tr\u00f9ng theo h\u01a1i n\u01b0\u1edbc (SIP ho\u1eb7c CIP).<\/span><\/p>\n","protected":false},"featured_media":6411,"comment_status":"open","ping_status":"closed","template":"","meta":[],"product_cat":[639,287],"product_tag":[294,295,318],"class_list":["post-6410","product","type-product","status-publish","has-post-thumbnail","hentry","product_cat-diaphragm-valve","product_cat-van-vi-sinh","product_tag-diaphragmvalve","product_tag-pneumaticsanitarydiaphragmvalve","product_tag-van-mang-vi-sinh"],"_links":{"self":[{"href":"http:\/\/vntec.vn\/en\/wp-json\/wp\/v2\/product\/6410","targetHints":{"allow":["GET"]}}],"collection":[{"href":"http:\/\/vntec.vn\/en\/wp-json\/wp\/v2\/product"}],"about":[{"href":"http:\/\/vntec.vn\/en\/wp-json\/wp\/v2\/types\/product"}],"replies":[{"embeddable":true,"href":"http:\/\/vntec.vn\/en\/wp-json\/wp\/v2\/comments?post=6410"}],"wp:featuredmedia":[{"embeddable":true,"href":"http:\/\/vntec.vn\/en\/wp-json\/wp\/v2\/media\/6411"}],"wp:attachment":[{"href":"http:\/\/vntec.vn\/en\/wp-json\/wp\/v2\/media?parent=6410"}],"wp:term":[{"taxonomy":"product_cat","embeddable":true,"href":"http:\/\/vntec.vn\/en\/wp-json\/wp\/v2\/product_cat?post=6410"},{"taxonomy":"product_tag","embeddable":true,"href":"http:\/\/vntec.vn\/en\/wp-json\/wp\/v2\/product_tag?post=6410"}],"curies":[{"name":"wp","href":"https:\/\/api.w.org\/{rel}","templated":true}]}}