{"id":1396,"date":"2019-12-27T14:35:29","date_gmt":"2019-12-27T07:35:29","guid":{"rendered":"http:\/\/vntec.vn\/?post_type=product&#038;p=1396"},"modified":"2020-06-16T14:08:12","modified_gmt":"2020-06-16T07:08:12","slug":"ss400-co-han-thep-den-90","status":"publish","type":"product","link":"http:\/\/vntec.vn\/en\/products\/ss400-co-han-thep-den-90","title":{"rendered":"SS400 Co h\u00e0n th\u00e9p \u0111en 90\u00b0"},"content":{"rendered":"","protected":false},"excerpt":{"rendered":"<p><span style=\"font-family: 'times new roman', times, serif; font-size: 14pt;\">Ti\u00eau chu\u1ea9n: JIS, ISO, ASTM<\/span><br \/>\n<span style=\"font-family: 'times new roman', times, serif; font-size: 14pt;\">Xu\u1ea5t x\u1ee9: Nh\u1eadt B\u1ea3n, H\u00e0n Qu\u1ed1c, \u0110\u00e0i Loan, Th\u00e1i Lan, Trung Qu\u1ed1c<\/span><br \/>\n<span style=\"font-family: 'times new roman', times, serif; font-size: 14pt;\">\u0110\u1ed9 d\u00e0y: SCH10, SCH20, SCh40&#8230;<\/span><\/p>\n","protected":false},"featured_media":1397,"comment_status":"open","ping_status":"closed","template":"","meta":[],"product_cat":[33,189],"product_tag":[234,236,235,229],"class_list":["post-1396","product","type-product","status-publish","has-post-thumbnail","hentry","product_cat-tat-ca-san-pham","product_cat-ong-phukien-thepden","product_tag-co90","product_tag-phukiensat","product_tag-phukienthepden","product_tag-thepden"],"_links":{"self":[{"href":"http:\/\/vntec.vn\/en\/wp-json\/wp\/v2\/product\/1396","targetHints":{"allow":["GET"]}}],"collection":[{"href":"http:\/\/vntec.vn\/en\/wp-json\/wp\/v2\/product"}],"about":[{"href":"http:\/\/vntec.vn\/en\/wp-json\/wp\/v2\/types\/product"}],"replies":[{"embeddable":true,"href":"http:\/\/vntec.vn\/en\/wp-json\/wp\/v2\/comments?post=1396"}],"wp:featuredmedia":[{"embeddable":true,"href":"http:\/\/vntec.vn\/en\/wp-json\/wp\/v2\/media\/1397"}],"wp:attachment":[{"href":"http:\/\/vntec.vn\/en\/wp-json\/wp\/v2\/media?parent=1396"}],"wp:term":[{"taxonomy":"product_cat","embeddable":true,"href":"http:\/\/vntec.vn\/en\/wp-json\/wp\/v2\/product_cat?post=1396"},{"taxonomy":"product_tag","embeddable":true,"href":"http:\/\/vntec.vn\/en\/wp-json\/wp\/v2\/product_tag?post=1396"}],"curies":[{"name":"wp","href":"https:\/\/api.w.org\/{rel}","templated":true}]}}