{"id":9137,"date":"2021-04-01T11:45:43","date_gmt":"2021-04-01T04:45:43","guid":{"rendered":"http:\/\/vntec.vn\/?page_id=9137"},"modified":"2021-10-07T09:36:00","modified_gmt":"2021-10-07T02:36:00","slug":"gia-cong-danh-bong-bon-be-inox-vi-sinh","status":"publish","type":"page","link":"http:\/\/vntec.vn\/en\/gia-cong-danh-bong-bon-be-inox-vi-sinh","title":{"rendered":"(Ti\u1ebfng Vi\u1ec7t) Gia c\u00f4ng, \u0111\u00e1nh b\u00f3ng b\u1ed3n b\u1ec3 inox\/ vi sinh"},"content":{"rendered":"<p class=\"qtranxs-available-languages-message qtranxs-available-languages-message-en\">Sorry, this entry is only available in <a href=\"http:\/\/vntec.vn\/vi\/wp-json\/wp\/v2\/pages\/9137\" class=\"qtranxs-available-language-link qtranxs-available-language-link-vi\" title=\"Ti\u1ebfng Vi\u1ec7t\">Ti\u1ebfng Vi\u1ec7t<\/a>.<\/p>","protected":false},"excerpt":{"rendered":"<p>Sorry, this entry is only available in Ti\u1ebfng Vi\u1ec7t.<\/p>\n","protected":false},"author":1,"featured_media":0,"parent":0,"menu_order":0,"comment_status":"closed","ping_status":"closed","template":"templates\/service.php","meta":{"footnotes":""},"class_list":["post-9137","page","type-page","status-publish","hentry"],"_links":{"self":[{"href":"http:\/\/vntec.vn\/en\/wp-json\/wp\/v2\/pages\/9137","targetHints":{"allow":["GET"]}}],"collection":[{"href":"http:\/\/vntec.vn\/en\/wp-json\/wp\/v2\/pages"}],"about":[{"href":"http:\/\/vntec.vn\/en\/wp-json\/wp\/v2\/types\/page"}],"author":[{"embeddable":true,"href":"http:\/\/vntec.vn\/en\/wp-json\/wp\/v2\/users\/1"}],"replies":[{"embeddable":true,"href":"http:\/\/vntec.vn\/en\/wp-json\/wp\/v2\/comments?post=9137"}],"version-history":[{"count":10,"href":"http:\/\/vntec.vn\/en\/wp-json\/wp\/v2\/pages\/9137\/revisions"}],"predecessor-version":[{"id":9692,"href":"http:\/\/vntec.vn\/en\/wp-json\/wp\/v2\/pages\/9137\/revisions\/9692"}],"wp:attachment":[{"href":"http:\/\/vntec.vn\/en\/wp-json\/wp\/v2\/media?parent=9137"}],"curies":[{"name":"wp","href":"https:\/\/api.w.org\/{rel}","templated":true}]}}